{"id":48,"date":"2024-12-29T13:54:47","date_gmt":"2024-12-29T12:54:47","guid":{"rendered":"https:\/\/zupnija-svibno.si\/?page_id=48"},"modified":"2025-04-20T16:59:21","modified_gmt":"2025-04-20T15:59:21","slug":"podruznicna-cerkev-sv-janeza-ev-pocakovo","status":"publish","type":"page","link":"https:\/\/zupnija-svibno.si\/index.php\/cerkve\/podruznicna-cerkev-sv-janeza-ev-pocakovo\/","title":{"rendered":"Podru\u017eni\u010dna cerkev sv. Janeza Ev. Po\u010dakovo"},"content":{"rendered":"\n<figure class=\"wp-block-gallery has-nested-images columns-default is-cropped wp-block-gallery-1 is-layout-flex wp-block-gallery-is-layout-flex\">\n\n\n\n\n\n\n<figure class=\"wp-block-image size-large\"><img loading=\"lazy\" decoding=\"async\" width=\"4079\" height=\"2712\" data-id=\"89\" src=\"https:\/\/zupnija-svibno.si\/wp-content\/uploads\/2025\/01\/pocakovo5.jpg\" alt=\"\" class=\"wp-image-89\"\/><\/figure>\n<\/figure>\n\n\n\n<p><p>Cerkev sv. Janeza Evangelista na Po\u010dakovem (naselje se prvi\u010d omenja leta 1267 v urbarju de\u017eelnokne\u017ejih posesti na \u0160tajerskem iz \u010dasa kralja Otakarja II. Pfemysla) je najmlaj\u0161a svibenska podru\u017enica, vendar po pomenu na prvem mestu. Ne le po legi, saj je od farne cerkve sv. Kri\u017ea oddaljena le dober kilometer ter stoje\u010da na dostopnem in razglednem mestu, na slemenu med Legnanskim vrhom in Magolnikom, marve\u010d tudi po vlogi, ki jo je odigrala v razgibani preteklosti.<\/p><br><p><img loading=\"lazy\" decoding=\"async\" width=\"4896\" height=\"3264\" class=\"wp-image-90\" src=\"https:\/\/zupnija-svibno.si\/wp-content\/uploads\/2025\/01\/pocakovo6.jpg\" alt=\"\"><\/p><br><p>Po kme\u010dkem uporu leta 1635 so se svibenski \u017eupniki naselili na Zgornjem Po\u010dakovem, po vsej verjetnosti v ve\u010d poslopjih v smeri proti Kotam. Novo \u017eupni\u0161\u010de na Pristavi je bilo zgrajeno (dvonadstropno, klasicisti\u010dno fasadirano) \u0161ele dve stoletji pozneje (leta 1844), in sicer na mestu domnevno poprej\u0161nje Zoisove hi\u0161e. Leta 1973 je bilo z gospodarskim poslopjem prodano in naslednje leto zgrajeno novo ob podru\u017eni\u010dni cerkvi sv. Marjete na Jagnjenici. Nekdanje \u017eupni\u0161\u010de, zdaj v zasebni lasti, je bilo obnovljeno v letih 2005\/08.<\/p><\/p>\n\n\n\n<p><br><p><img loading=\"lazy\" decoding=\"async\" width=\"4896\" height=\"3264\" class=\"wp-image-88\" src=\"https:\/\/zupnija-svibno.si\/wp-content\/uploads\/2025\/01\/pocakovo.jpg\" alt=\"\"><\/p><br><p>Ob pristavskem \u017eupni\u0161\u010du j e stala \u017ee od 1. polovice 17. stoletja (leta 1646) dalje manj\u0161a zgodnje baro\u010dna cerkev z lesenim zvonikom. Leta 1881, v \u010dasu \u017eupnika Andreja Ramov\u0161a, je bila podrta in zgrajena in blagoslovljena nova, ve\u010dja cerkev sv. Janeza. Od tedaj se je te\u017ei\u0161\u010de cerkvenega \u017eivljenja in dela od farne cerkve preneslo k tej cerkvi. Leta 1956 je ljubljanski \u0161kof Anton Vovk slovesno posvetil kot so\u017eupnijsko cerkev, vendar je \u017ee naslednjih letih znova pridobila na veljavi \u017eupnijska cerkev v Svibnem.<\/p><br><p><img loading=\"lazy\" decoding=\"async\" width=\"2832\" height=\"4256\" class=\"wp-image-87\" src=\"https:\/\/zupnija-svibno.si\/wp-content\/uploads\/2025\/01\/pocakovo-cerkev.jpg\" alt=\"\"><\/p><br><p>Po\u010dakovsko cerkev krasijo glavni oltar sv. Janeza Evangelista, delo celjskega podobarja Ignacija Oblaka, stranski oltar lur\u0161ke Matere bo\u017eje, Oblakova pri\u017enica, Heindlov kri\u017eev pot in orgle z li\u010dno omaro, vse iz 19. stoletja. Zadnji\u010d, temeljito obnovljena je bila leta 1994 (\u017eupnik Janez O\u010dkon).<br>Ob cerkvi je neko\u010d stala tudi me\u017enarija, v kateri je stanoval kaplan. V njej je delovala prva svibenska \u0161ola (1871), po dograditvi nove \u0161ole v Svibnem leta 1916 pa se je v njej pou\u010deval le \u0161e verouk.<\/p><\/p>\n\n\n\n<figure class=\"wp-block-image size-large\"><img loading=\"lazy\" decoding=\"async\" width=\"1024\" height=\"683\" src=\"https:\/\/zupnija-svibno.si\/wp-content\/uploads\/2025\/04\/IMG_0500_resize-1024x683.jpg\" alt=\"\" class=\"wp-image-766\" srcset=\"https:\/\/zupnija-svibno.si\/wp-content\/uploads\/2025\/04\/IMG_0500_resize-1024x683.jpg 1024w, https:\/\/zupnija-svibno.si\/wp-content\/uploads\/2025\/04\/IMG_0500_resize-300x200.jpg 300w, https:\/\/zupnija-svibno.si\/wp-content\/uploads\/2025\/04\/IMG_0500_resize-768x512.jpg 768w, https:\/\/zupnija-svibno.si\/wp-content\/uploads\/2025\/04\/IMG_0500_resize-1536x1024.jpg 1536w, https:\/\/zupnija-svibno.si\/wp-content\/uploads\/2025\/04\/IMG_0500_resize-2048x1366.jpg 2048w\" sizes=\"auto, (max-width: 1024px) 100vw, 1024px\" \/><\/figure>\n","protected":false},"excerpt":{"rendered":"<p>Cerkev sv. Janeza Evangelista na Po\u010dakovem (naselje se prvi\u010d omenja leta 1267 v urbarju de\u017eelnokne\u017ejih posesti na \u0160tajerskem iz \u010dasa kralja Otakarja II. Pfemysla) je najmlaj\u0161a svibenska podru\u017enica, vendar po pomenu na prvem mestu. Ne le po legi, saj je od farne cerkve sv. Kri\u017ea oddaljena le dober kilometer ter stoje\u010da na dostopnem in razglednem [&hellip;]<\/p>\n","protected":false},"author":1,"featured_media":0,"parent":41,"menu_order":0,"comment_status":"closed","ping_status":"closed","template":"","meta":{"footnotes":""},"class_list":["post-48","page","type-page","status-publish","hentry"],"jetpack_sharing_enabled":true,"jetpack-related-posts":[],"_links":{"self":[{"href":"https:\/\/zupnija-svibno.si\/index.php\/wp-json\/wp\/v2\/pages\/48","targetHints":{"allow":["GET"]}}],"collection":[{"href":"https:\/\/zupnija-svibno.si\/index.php\/wp-json\/wp\/v2\/pages"}],"about":[{"href":"https:\/\/zupnija-svibno.si\/index.php\/wp-json\/wp\/v2\/types\/page"}],"author":[{"embeddable":true,"href":"https:\/\/zupnija-svibno.si\/index.php\/wp-json\/wp\/v2\/users\/1"}],"replies":[{"embeddable":true,"href":"https:\/\/zupnija-svibno.si\/index.php\/wp-json\/wp\/v2\/comments?post=48"}],"version-history":[{"count":5,"href":"https:\/\/zupnija-svibno.si\/index.php\/wp-json\/wp\/v2\/pages\/48\/revisions"}],"predecessor-version":[{"id":864,"href":"https:\/\/zupnija-svibno.si\/index.php\/wp-json\/wp\/v2\/pages\/48\/revisions\/864"}],"up":[{"embeddable":true,"href":"https:\/\/zupnija-svibno.si\/index.php\/wp-json\/wp\/v2\/pages\/41"}],"wp:attachment":[{"href":"https:\/\/zupnija-svibno.si\/index.php\/wp-json\/wp\/v2\/media?parent=48"}],"curies":[{"name":"wp","href":"https:\/\/api.w.org\/{rel}","templated":true}]}}