{"id":451,"date":"2025-03-16T13:43:48","date_gmt":"2025-03-16T12:43:48","guid":{"rendered":"https:\/\/zupnija-svibno.si\/?page_id=451"},"modified":"2025-03-16T14:48:15","modified_gmt":"2025-03-16T13:48:15","slug":"kontakt","status":"publish","type":"page","link":"https:\/\/zupnija-svibno.si\/index.php\/kontakt\/","title":{"rendered":"Kontakt"},"content":{"rendered":"\n<p>\u017dupnijski urad Svibno<\/p>\n\n\n\n<p>Jagnjenica 32 a<\/p>\n\n\n\n<p>1433 Rade\u010de<\/p>\n\n\n\n<p>\u017dupnik: <strong>Janez Jasenc<\/strong> <\/p>\n\n\n\n<p>e-mail: <strong>janez.jasenc@rkc.si<\/strong><\/p>\n\n\n\n<p><\/p>\n","protected":false},"excerpt":{"rendered":"<p>\u017dupnijski urad Svibno Jagnjenica 32 a 1433 Rade\u010de \u017dupnik: Janez Jasenc e-mail: janez.jasenc@rkc.si<\/p>\n","protected":false},"author":2,"featured_media":0,"parent":0,"menu_order":6,"comment_status":"closed","ping_status":"closed","template":"","meta":{"footnotes":""},"class_list":["post-451","page","type-page","status-publish","hentry"],"jetpack_sharing_enabled":true,"jetpack-related-posts":[],"_links":{"self":[{"href":"https:\/\/zupnija-svibno.si\/index.php\/wp-json\/wp\/v2\/pages\/451","targetHints":{"allow":["GET"]}}],"collection":[{"href":"https:\/\/zupnija-svibno.si\/index.php\/wp-json\/wp\/v2\/pages"}],"about":[{"href":"https:\/\/zupnija-svibno.si\/index.php\/wp-json\/wp\/v2\/types\/page"}],"author":[{"embeddable":true,"href":"https:\/\/zupnija-svibno.si\/index.php\/wp-json\/wp\/v2\/users\/2"}],"replies":[{"embeddable":true,"href":"https:\/\/zupnija-svibno.si\/index.php\/wp-json\/wp\/v2\/comments?post=451"}],"version-history":[{"count":3,"href":"https:\/\/zupnija-svibno.si\/index.php\/wp-json\/wp\/v2\/pages\/451\/revisions"}],"predecessor-version":[{"id":461,"href":"https:\/\/zupnija-svibno.si\/index.php\/wp-json\/wp\/v2\/pages\/451\/revisions\/461"}],"wp:attachment":[{"href":"https:\/\/zupnija-svibno.si\/index.php\/wp-json\/wp\/v2\/media?parent=451"}],"curies":[{"name":"wp","href":"https:\/\/api.w.org\/{rel}","templated":true}]}}