{"id":426,"date":"2025-03-16T12:21:55","date_gmt":"2025-03-16T11:21:55","guid":{"rendered":"https:\/\/zupnija-svibno.si\/?page_id=426"},"modified":"2025-03-16T13:14:50","modified_gmt":"2025-03-16T12:14:50","slug":"karitas","status":"publish","type":"page","link":"https:\/\/zupnija-svibno.si\/index.php\/skupine\/karitas\/","title":{"rendered":"Karitas"},"content":{"rendered":"<p><img loading=\"lazy\" decoding=\"async\" class=\"alignnone  wp-image-447\" src=\"https:\/\/zupnija-svibno.si\/wp-content\/uploads\/2025\/03\/karitas-radece-svibno11-300x161.jpg\" alt=\"\" width=\"1070\" height=\"574\" srcset=\"https:\/\/zupnija-svibno.si\/wp-content\/uploads\/2025\/03\/karitas-radece-svibno11-300x161.jpg 300w, https:\/\/zupnija-svibno.si\/wp-content\/uploads\/2025\/03\/karitas-radece-svibno11-1024x550.jpg 1024w, https:\/\/zupnija-svibno.si\/wp-content\/uploads\/2025\/03\/karitas-radece-svibno11-768x412.jpg 768w, https:\/\/zupnija-svibno.si\/wp-content\/uploads\/2025\/03\/karitas-radece-svibno11.jpg 1280w\" sizes=\"auto, (max-width: 1070px) 100vw, 1070px\" \/><\/p>\n<p>\u017dupnijska karitas Rade\u010de-Svibno je bila ustanovljena\u00a0avgusta\u00a02010.<\/p>\n<p>Trenutno \u0161teje 16 prostovoljk in prostovoljcev in dva duhovnika.<\/p>\n<p>\u010clani iz \u017eupnije Svibno: Danijela Potrpin, Katarina Lazar, Toma\u017e Novak<\/p>\n<p>Predsednik: Miro Bergelj, rade\u0161ki \u017eupnik<\/p>\n<p>Tajnik\/voditelj: Miran Prnaver,\u00a0 tel.: 041 864 900,<\/p>\n<p>e-po\u0161ta:\u00a0<a href=\"mailto:miran.prnaver@gmail.com\">miran.prnaver@gmail.com<\/a><\/p>\n<p>Blagajnik: Drago Kozinc<\/p>\n<p>Zapisnikarica: \u0160tefica Mlakar.<\/p>\n<p>Poro\u010dilo o lanskem delu v besedi in sliki:<\/p>\n<p><a href=\"https:\/\/zupnija-radece.rkc.si\/?page_id=1172\">https:\/\/zupnija-radece.rkc.si\/?page_id=1172<\/a><\/p>\n","protected":false},"excerpt":{"rendered":"<p>\u017dupnijska karitas Rade\u010de-Svibno je bila ustanovljena\u00a0avgusta\u00a02010. Trenutno \u0161teje 16 prostovoljk in prostovoljcev in dva duhovnika. \u010clani iz \u017eupnije Svibno: Danijela Potrpin, Katarina Lazar, Toma\u017e Novak Predsednik: Miro Bergelj, rade\u0161ki \u017eupnik Tajnik\/voditelj: Miran Prnaver,\u00a0 tel.: 041 864 900, e-po\u0161ta:\u00a0miran.prnaver@gmail.com Blagajnik: Drago Kozinc Zapisnikarica: \u0160tefica Mlakar. Poro\u010dilo o lanskem delu v besedi in sliki: https:\/\/zupnija-radece.rkc.si\/?page_id=1172<\/p>\n","protected":false},"author":2,"featured_media":0,"parent":153,"menu_order":0,"comment_status":"closed","ping_status":"closed","template":"","meta":{"footnotes":""},"class_list":["post-426","page","type-page","status-publish","hentry"],"jetpack_sharing_enabled":true,"jetpack-related-posts":[],"_links":{"self":[{"href":"https:\/\/zupnija-svibno.si\/index.php\/wp-json\/wp\/v2\/pages\/426","targetHints":{"allow":["GET"]}}],"collection":[{"href":"https:\/\/zupnija-svibno.si\/index.php\/wp-json\/wp\/v2\/pages"}],"about":[{"href":"https:\/\/zupnija-svibno.si\/index.php\/wp-json\/wp\/v2\/types\/page"}],"author":[{"embeddable":true,"href":"https:\/\/zupnija-svibno.si\/index.php\/wp-json\/wp\/v2\/users\/2"}],"replies":[{"embeddable":true,"href":"https:\/\/zupnija-svibno.si\/index.php\/wp-json\/wp\/v2\/comments?post=426"}],"version-history":[{"count":4,"href":"https:\/\/zupnija-svibno.si\/index.php\/wp-json\/wp\/v2\/pages\/426\/revisions"}],"predecessor-version":[{"id":448,"href":"https:\/\/zupnija-svibno.si\/index.php\/wp-json\/wp\/v2\/pages\/426\/revisions\/448"}],"up":[{"embeddable":true,"href":"https:\/\/zupnija-svibno.si\/index.php\/wp-json\/wp\/v2\/pages\/153"}],"wp:attachment":[{"href":"https:\/\/zupnija-svibno.si\/index.php\/wp-json\/wp\/v2\/media?parent=426"}],"curies":[{"name":"wp","href":"https:\/\/api.w.org\/{rel}","templated":true}]}}