{"id":35,"date":"2024-12-29T13:52:51","date_gmt":"2024-12-29T12:52:51","guid":{"rendered":"https:\/\/zupnija-svibno.si\/?page_id=35"},"modified":"2025-03-18T20:37:13","modified_gmt":"2025-03-18T19:37:13","slug":"zupnijski-pastoralni-svet","status":"publish","type":"page","link":"https:\/\/zupnija-svibno.si\/index.php\/skupine\/zupnijski-pastoralni-svet\/","title":{"rendered":"\u017dupnijski pastoralni svet"},"content":{"rendered":"\r\n<p class=\"has-text-align-left\">\u017dupnijski pastoralni svet je \u017eupnikovo posvetovalno in delovno telo. Naloge so povezane z verskim \u017eivljenjem in pastoralnim delovanjem \u017eupnije, pripravlja predloge in sklepe ter skrbi za njihovo uresni\u010devanje. Nana\u0161ajo se na skupno \u017eivljenje<br \/>\u017eupnijskega ob\u010destva, oznanjevanje, bogoslu\u017eje in dobrodelnost v \u017eupniji. \u017dupnijski svet Svibno je bil ustanovljen 25. oktobra 1975.<\/p>\r\n<p class=\"has-text-align-left\">\u010clani \u017dupnijskega pastoralnega sveta Svibno 2022-2025<\/p>\r\n\r\n\r\n\r\n<ul class=\"wp-block-list\">\r\n<li style=\"list-style-type: none;\">\r\n<ul class=\"wp-block-list\">\r\n<li style=\"list-style-type: none;\">\r\n<ol>\r\n<li>Helena Pelko Podlesnik, Svibno (klju\u010dar)<\/li>\r\n<li>Jernej Kosem, Po\u010dakovo (klju\u010dar)<\/li>\r\n<li>Ciril Novak, \u010cimerno (klju\u010dar)<\/li>\r\n<li>Viljem Pistotnik, Jagnjenica (klju\u010dar)<\/li>\r\n<\/ol>\r\n<\/li>\r\n<\/ul>\r\n<\/li>\r\n<\/ul>\r\n<ul class=\"wp-block-list\">\r\n<li style=\"list-style-type: none;\">\r\n<ul class=\"wp-block-list\">\r\n<li style=\"list-style-type: none;\">\r\n<ol start=\"5\">\r\n<li>Alojz Lazar, Jagnjenica (me\u017enar)<\/li>\r\n<li>Ana Novak, Svibno (organistinja)<\/li>\r\n<li>Jo\u017ee Kav\u0161ek, Svibno (zvonar)<\/li>\r\n<li>Katarina Lazar, Jagnjenica (Karitas)<\/li>\r\n<li>Viktorija Kmeti\u010d, Svibno (mladina) \u2013 namestnik Sebastjan Kmeti\u010d<\/li>\r\n<li>Marija Zajec, Jagnjenica (molitvena skupina) \u2013 se odpovedala, marca 2024<\/li>\r\n<\/ol>\r\n<\/li>\r\n<\/ul>\r\n<\/li>\r\n<\/ul>\r\n<ul class=\"wp-block-list\">\r\n<li style=\"list-style-type: none;\">\r\n<ul class=\"wp-block-list\">\r\n<li style=\"list-style-type: none;\">\r\n<ol start=\"11\">\r\n<li>Sonja Kmeti\u010d, Svibno, tajnica<\/li>\r\n<li>Viktor Kmeti\u010d, Svibno<\/li>\r\n<li>Tanja Kosem, Po\u010dakovo<\/li>\r\n<li>Marjana Dolin\u0161ek, Po\u010dakovo<\/li>\r\n<li>Alojzija Pistotnik, Jagnjenica<\/li>\r\n<li>Andrej Perni\u0161ek, Jagnjenica<\/li>\r\n<li>Jure Ferle, Zagrad<\/li>\r\n<li>Jo\u017ee Novak, \u010cimerno<\/li>\r\n<\/ol>\r\n<\/li>\r\n<\/ul>\r\n<\/li>\r\n<\/ul>\r\n<ul class=\"wp-block-list\">\r\n<li style=\"list-style-type: none;\">\r\n<ol start=\"19\">\r\n<li>Janez Jasenc, \u017eupnik<\/li>\r\n<\/ol>\r\n<\/li>\r\n<\/ul>\r\n<!-- \/wp:post-content -->\r\n\r\n<!-- wp:paragraph -->\r\n<p>Imamo pet do \u0161est sre\u010danj letno. Pogovarjamo se o duhovnem, gospodarskem, vzgojnem in dru\u017eabnem \u017eivljenju \u017eupnije. Sre\u010danje je vsem v spodbudo in pomo\u010d. Nekatere dogodke in dela skupaj na\u010drtujemo.<\/p>\r\n<p>Enkrat letno se udele\u017eujemo dekanijskega pastoralnega sre\u010danja.<\/p>\r\n<!-- \/wp:paragraph -->","protected":false},"excerpt":{"rendered":"<p>\u017dupnijski pastoralni svet je \u017eupnikovo posvetovalno in delovno telo. Naloge so povezane z verskim \u017eivljenjem in pastoralnim delovanjem \u017eupnije, pripravlja predloge in sklepe ter skrbi za njihovo uresni\u010devanje. Nana\u0161ajo se na skupno \u017eivljenje\u017eupnijskega ob\u010destva, oznanjevanje, bogoslu\u017eje in dobrodelnost v \u017eupniji. \u017dupnijski svet Svibno je bil ustanovljen 25. oktobra 1975. \u010clani \u017dupnijskega pastoralnega sveta Svibno 2022-2025 [&hellip;]<\/p>\n","protected":false},"author":1,"featured_media":0,"parent":153,"menu_order":0,"comment_status":"closed","ping_status":"closed","template":"","meta":{"footnotes":""},"class_list":["post-35","page","type-page","status-publish","hentry"],"jetpack_sharing_enabled":true,"jetpack-related-posts":[],"_links":{"self":[{"href":"https:\/\/zupnija-svibno.si\/index.php\/wp-json\/wp\/v2\/pages\/35","targetHints":{"allow":["GET"]}}],"collection":[{"href":"https:\/\/zupnija-svibno.si\/index.php\/wp-json\/wp\/v2\/pages"}],"about":[{"href":"https:\/\/zupnija-svibno.si\/index.php\/wp-json\/wp\/v2\/types\/page"}],"author":[{"embeddable":true,"href":"https:\/\/zupnija-svibno.si\/index.php\/wp-json\/wp\/v2\/users\/1"}],"replies":[{"embeddable":true,"href":"https:\/\/zupnija-svibno.si\/index.php\/wp-json\/wp\/v2\/comments?post=35"}],"version-history":[{"count":6,"href":"https:\/\/zupnija-svibno.si\/index.php\/wp-json\/wp\/v2\/pages\/35\/revisions"}],"predecessor-version":[{"id":504,"href":"https:\/\/zupnija-svibno.si\/index.php\/wp-json\/wp\/v2\/pages\/35\/revisions\/504"}],"up":[{"embeddable":true,"href":"https:\/\/zupnija-svibno.si\/index.php\/wp-json\/wp\/v2\/pages\/153"}],"wp:attachment":[{"href":"https:\/\/zupnija-svibno.si\/index.php\/wp-json\/wp\/v2\/media?parent=35"}],"curies":[{"name":"wp","href":"https:\/\/api.w.org\/{rel}","templated":true}]}}