{"id":159,"date":"2025-01-30T11:41:18","date_gmt":"2025-01-30T10:41:18","guid":{"rendered":"https:\/\/zupnija-svibno.si\/?page_id=159"},"modified":"2025-07-13T11:26:36","modified_gmt":"2025-07-13T10:26:36","slug":"oratorij","status":"publish","type":"page","link":"https:\/\/zupnija-svibno.si\/index.php\/skupine\/oratorij\/","title":{"rendered":"Oratorij"},"content":{"rendered":"\r\n<figure>\r\n<p><strong>Oratorij 2025<\/strong><\/p>\r\n<p>Od 7.\u00a0 do 13. julija je v \u017eupniji Svibno potekal poletni <em>oratorij<\/em>, ki povezuje <em>otroke<\/em>, animatorje in celotne skupnosti v \u010dasu po\u010ditnic. Leto\u0161nji je bil \u017ee \u0161tirinajsti po vrsti. Voditelj je bil drugo leto zapored Metod Kav\u0161ek, vseskozi jim je bil v pomo\u010d \u017eupnik Janez Jasenc. Oratorij so tokrat izvedli z ve\u010d sponzorji kot pretekla leta. Odvijal se je pri ali v \u017eupnijski cerkvi in telovadnici podru\u017eni\u010dne \u0161ole.<\/p>\r\n<p>Za leto\u0161njo oratorijsko temo so organizatorji Oratorija Slovenija 2025 izbrali slovenskega mu\u010denca bl. Alojzija Grozdeta, ki je tudi zavetnik slovenskih mladih. Njegovo otro\u0161tvo ni bilo lahko, vendar je s trudom in pomo\u010djo dobrih ljudi uspel kot dober u\u010denec, aktiven dr\u017eavljan in kronal svoje mlado \u017eivljenje kot mu\u010denec za vero. Vrednote, ki jih izpostavljamo v zgodbi o Alojziju Grozdetu, so dostojanstvo, odlo\u010dnost, darovanje, odpu\u0161\u010danje in priporo\u010danje svetnikom. Leto\u0161nje geslo \u00bbNe boj se, zasveti!\u00ab ka\u017ee Grozdetovo navdu\u0161enje, pogum in ljubezen. Bil je zares \u00bblu\u010d, ki sveti in ka\u017ee na Bo\u017ejo dobroto\u00ab (prim. Mt 13,16). Na leto\u0161nji nate\u010daj za oratorijsko himno pa je prispelo 16 pesmi, komisija je za zmagovalko izbrala pesem avtorice Ivane Marussi z naslovom \u00bbNe boj se, zasveti!\u00ab.<\/p>\r\n<p>Oratorija v Svibnem se je udele\u017eilo 48 otrok iz \u017eupnij Svibno, Podkum, Rade\u010de, \u0160entjan\u017e in drugih ter 16-18 animatorjev, najve\u010d iz Svibnega, sicer iz ve\u010d krajev Slovenije. Dan so pri\u010deli in sklenili s himno, molitvijo in z dvigom\/spustom zastave. Pomagali so si oratorijsko knji\u017eico, pa tudi s spletom in znanjem vseh animatorjev. Zgodbo o bla\u017eenem Grozdetu so odigrali v nadaljevanjih, iz nje pa so \u010drpali tudi za druge igre. Med \u0161tevilnimi delavnici je bila letos tudi delavnica v pritrkovanju pod mentorstvom Jo\u017eeta in Karla Kav\u0161ka in sprejeta z navdu\u0161enjem. V \u010detrtek so imeli celodnevni izlet in vzpon na Celjsko ko\u010do. Kuhale so jim \u010dlanice Dru\u0161tva kme\u010dkih \u017eena Arnike. Predzadnji dan oratorija so po skupinah oblikovali novo zastavo. Iz\u017erebana bo visela na oratoriju prihodnje leto. Naredili so tudi film\u010dek o oratoriju. Pri sklepni ma\u0161i v nedeljo pa so dali na ogled \u0161e izdelke, ki so jih ustvarili med tednom. \u00a0<\/p>\r\n<p><img loading=\"lazy\" decoding=\"async\" class=\"alignnone size-medium wp-image-1116\" src=\"https:\/\/zupnija-svibno.si\/wp-content\/uploads\/2025\/07\/IMG_4114-1-225x300.jpeg\" alt=\"\" width=\"225\" height=\"300\" srcset=\"https:\/\/zupnija-svibno.si\/wp-content\/uploads\/2025\/07\/IMG_4114-1-225x300.jpeg 225w, https:\/\/zupnija-svibno.si\/wp-content\/uploads\/2025\/07\/IMG_4114-1-768x1024.jpeg 768w, https:\/\/zupnija-svibno.si\/wp-content\/uploads\/2025\/07\/IMG_4114-1-1152x1536.jpeg 1152w, https:\/\/zupnija-svibno.si\/wp-content\/uploads\/2025\/07\/IMG_4114-1-1536x2048.jpeg 1536w, https:\/\/zupnija-svibno.si\/wp-content\/uploads\/2025\/07\/IMG_4114-1-scaled.jpeg 1920w\" sizes=\"auto, (max-width: 225px) 100vw, 225px\" \/> <img loading=\"lazy\" decoding=\"async\" class=\"alignnone size-medium wp-image-1113\" src=\"https:\/\/zupnija-svibno.si\/wp-content\/uploads\/2025\/07\/IMG_1869-1-225x300.jpeg\" alt=\"\" width=\"225\" height=\"300\" srcset=\"https:\/\/zupnija-svibno.si\/wp-content\/uploads\/2025\/07\/IMG_1869-1-225x300.jpeg 225w, https:\/\/zupnija-svibno.si\/wp-content\/uploads\/2025\/07\/IMG_1869-1-768x1024.jpeg 768w, https:\/\/zupnija-svibno.si\/wp-content\/uploads\/2025\/07\/IMG_1869-1-1152x1536.jpeg 1152w, https:\/\/zupnija-svibno.si\/wp-content\/uploads\/2025\/07\/IMG_1869-1-1536x2048.jpeg 1536w, https:\/\/zupnija-svibno.si\/wp-content\/uploads\/2025\/07\/IMG_1869-1-scaled.jpeg 1920w\" sizes=\"auto, (max-width: 225px) 100vw, 225px\" \/> <img loading=\"lazy\" decoding=\"async\" class=\"alignnone size-medium wp-image-1114\" src=\"https:\/\/zupnija-svibno.si\/wp-content\/uploads\/2025\/07\/IMG_3711-1-169x300.jpeg\" alt=\"\" width=\"169\" height=\"300\" srcset=\"https:\/\/zupnija-svibno.si\/wp-content\/uploads\/2025\/07\/IMG_3711-1-169x300.jpeg 169w, https:\/\/zupnija-svibno.si\/wp-content\/uploads\/2025\/07\/IMG_3711-1-576x1024.jpeg 576w, https:\/\/zupnija-svibno.si\/wp-content\/uploads\/2025\/07\/IMG_3711-1-768x1365.jpeg 768w, https:\/\/zupnija-svibno.si\/wp-content\/uploads\/2025\/07\/IMG_3711-1-864x1536.jpeg 864w, https:\/\/zupnija-svibno.si\/wp-content\/uploads\/2025\/07\/IMG_3711-1-1152x2048.jpeg 1152w, https:\/\/zupnija-svibno.si\/wp-content\/uploads\/2025\/07\/IMG_3711-1-scaled.jpeg 1440w\" sizes=\"auto, (max-width: 169px) 100vw, 169px\" \/> <img loading=\"lazy\" decoding=\"async\" class=\"alignnone size-medium wp-image-1112\" src=\"https:\/\/zupnija-svibno.si\/wp-content\/uploads\/2025\/07\/IMG_1862a-1-300x193.jpg\" alt=\"\" width=\"300\" height=\"193\" srcset=\"https:\/\/zupnija-svibno.si\/wp-content\/uploads\/2025\/07\/IMG_1862a-1-300x193.jpg 300w, https:\/\/zupnija-svibno.si\/wp-content\/uploads\/2025\/07\/IMG_1862a-1-1024x657.jpg 1024w, https:\/\/zupnija-svibno.si\/wp-content\/uploads\/2025\/07\/IMG_1862a-1-768x493.jpg 768w, https:\/\/zupnija-svibno.si\/wp-content\/uploads\/2025\/07\/IMG_1862a-1-1536x986.jpg 1536w, https:\/\/zupnija-svibno.si\/wp-content\/uploads\/2025\/07\/IMG_1862a-1-2048x1314.jpg 2048w\" sizes=\"auto, (max-width: 300px) 100vw, 300px\" \/> <img loading=\"lazy\" decoding=\"async\" class=\"alignnone size-medium wp-image-1115\" src=\"https:\/\/zupnija-svibno.si\/wp-content\/uploads\/2025\/07\/IMG_4045-1-300x225.jpeg\" alt=\"\" width=\"300\" height=\"225\" srcset=\"https:\/\/zupnija-svibno.si\/wp-content\/uploads\/2025\/07\/IMG_4045-1-300x225.jpeg 300w, https:\/\/zupnija-svibno.si\/wp-content\/uploads\/2025\/07\/IMG_4045-1-1024x768.jpeg 1024w, https:\/\/zupnija-svibno.si\/wp-content\/uploads\/2025\/07\/IMG_4045-1-768x576.jpeg 768w, https:\/\/zupnija-svibno.si\/wp-content\/uploads\/2025\/07\/IMG_4045-1.jpeg 1200w\" sizes=\"auto, (max-width: 300px) 100vw, 300px\" \/><\/p>\r\n<\/figure>\r\n<figure><\/figure>\r\n<figure class=\"wp-block-image size-full\"><img loading=\"lazy\" decoding=\"async\" width=\"6000\" height=\"4000\" class=\"wp-image-160\" src=\"https:\/\/zupnija-svibno.si\/wp-content\/uploads\/2025\/01\/DSC02934a.jpg\" alt=\"\" \/><\/figure>\r\n\r\n\r\n\r\n<p class=\"has-medium-font-size\"><strong>Oratorij 2024<\/strong><\/p>\r\n\r\n\r\n\r\n<p>Na oratoriju od 8. do 14. julija 2024 v Svibnem se je zbralo sedemintrideset otrok od tretjega do petnajstega leta starosti iz \u0161tirih \u017eupnij in petnajst animatorjev. Njihov vodja je bil prvi\u010d \u0161tudent Metod Kav\u0161ek. Vodilno temo o preroku Danijelu so vsak dan uprizorili v \u017eupnijski cerkvi. Razli\u010dni prizori so ob\u010dutno nagovorili otroke. Poleg tega so ustvarjali v treh delavnicah. Na Magolniku so jih razveselili doma\u010di gasilci z vodnimi igrami. Drugi\u010d so se preizkusili v orientacijskem teku skozi vas. Kuhale so jim \u010dlanice Dru\u0161tva kme\u010dkih \u017eena Arnika. Vseskozi so jim ob strani stali \u017eupnik Janez Jasenc in star\u0161i. Oratorij so sklenili v nedeljo z ma\u0161o, pri kateri so aktivno sodelovali, na prilo\u017enostni razstavi pa pokazali svoje umetnine, ki so nastale med tednom.<\/p>\r\n\r\n\r\n\r\n<p class=\"has-text-align-right\">J. Pt.<\/p>\r\n\r\n\r\n\r\n<figure class=\"wp-block-gallery has-nested-images columns-default is-cropped wp-block-gallery-1 is-layout-flex wp-block-gallery-is-layout-flex\">\r\n<figure data-wp-context=\"{&quot;imageId&quot;:&quot;69e4a086b81dd&quot;}\" data-wp-interactive=\"core\/image\" data-wp-key=\"69e4a086b81dd\" class=\"wp-block-image size-large wp-lightbox-container\"><img loading=\"lazy\" decoding=\"async\" width=\"1024\" height=\"689\" data-wp-class--hide=\"state.isContentHidden\" data-wp-class--show=\"state.isContentVisible\" data-wp-init=\"callbacks.setButtonStyles\" data-wp-on--click=\"actions.showLightbox\" data-wp-on--load=\"callbacks.setButtonStyles\" data-wp-on-window--resize=\"callbacks.setButtonStyles\" data-id=\"559\" class=\"wp-image-559\" src=\"https:\/\/zupnija-svibno.si\/wp-content\/uploads\/2025\/03\/DSC02937-1-1024x689.jpg\" alt=\"\" srcset=\"https:\/\/zupnija-svibno.si\/wp-content\/uploads\/2025\/03\/DSC02937-1-1024x689.jpg 1024w, https:\/\/zupnija-svibno.si\/wp-content\/uploads\/2025\/03\/DSC02937-1-300x202.jpg 300w, https:\/\/zupnija-svibno.si\/wp-content\/uploads\/2025\/03\/DSC02937-1-768x516.jpg 768w, https:\/\/zupnija-svibno.si\/wp-content\/uploads\/2025\/03\/DSC02937-1-1536x1033.jpg 1536w, https:\/\/zupnija-svibno.si\/wp-content\/uploads\/2025\/03\/DSC02937-1-2048x1377.jpg 2048w\" sizes=\"auto, (max-width: 1024px) 100vw, 1024px\" \/><button\n\t\t\tclass=\"lightbox-trigger\"\n\t\t\ttype=\"button\"\n\t\t\taria-haspopup=\"dialog\"\n\t\t\taria-label=\"Pove\u010daj\"\n\t\t\tdata-wp-init=\"callbacks.initTriggerButton\"\n\t\t\tdata-wp-on--click=\"actions.showLightbox\"\n\t\t\tdata-wp-style--right=\"state.imageButtonRight\"\n\t\t\tdata-wp-style--top=\"state.imageButtonTop\"\n\t\t>\n\t\t\t<svg xmlns=\"http:\/\/www.w3.org\/2000\/svg\" width=\"12\" height=\"12\" fill=\"none\" viewBox=\"0 0 12 12\">\n\t\t\t\t<path fill=\"#fff\" d=\"M2 0a2 2 0 0 0-2 2v2h1.5V2a.5.5 0 0 1 .5-.5h2V0H2Zm2 10.5H2a.5.5 0 0 1-.5-.5V8H0v2a2 2 0 0 0 2 2h2v-1.5ZM8 12v-1.5h2a.5.5 0 0 0 .5-.5V8H12v2a2 2 0 0 1-2 2H8Zm2-12a2 2 0 0 1 2 2v2h-1.5V2a.5.5 0 0 0-.5-.5H8V0h2Z\" \/>\n\t\t\t<\/svg>\n\t\t<\/button><\/figure>\r\n\r\n\r\n\r\n<figure data-wp-context=\"{&quot;imageId&quot;:&quot;69e4a086b89ba&quot;}\" data-wp-interactive=\"core\/image\" data-wp-key=\"69e4a086b89ba\" class=\"wp-block-image size-large wp-lightbox-container\"><img loading=\"lazy\" decoding=\"async\" width=\"1024\" height=\"683\" data-wp-class--hide=\"state.isContentHidden\" data-wp-class--show=\"state.isContentVisible\" data-wp-init=\"callbacks.setButtonStyles\" data-wp-on--click=\"actions.showLightbox\" data-wp-on--load=\"callbacks.setButtonStyles\" data-wp-on-window--resize=\"callbacks.setButtonStyles\" data-id=\"555\" class=\"wp-image-555\" src=\"https:\/\/zupnija-svibno.si\/wp-content\/uploads\/2025\/03\/DSC02942-1024x683.jpg\" alt=\"\" srcset=\"https:\/\/zupnija-svibno.si\/wp-content\/uploads\/2025\/03\/DSC02942-1024x683.jpg 1024w, https:\/\/zupnija-svibno.si\/wp-content\/uploads\/2025\/03\/DSC02942-300x200.jpg 300w, https:\/\/zupnija-svibno.si\/wp-content\/uploads\/2025\/03\/DSC02942-768x512.jpg 768w, https:\/\/zupnija-svibno.si\/wp-content\/uploads\/2025\/03\/DSC02942-1536x1024.jpg 1536w, https:\/\/zupnija-svibno.si\/wp-content\/uploads\/2025\/03\/DSC02942-2048x1365.jpg 2048w\" sizes=\"auto, (max-width: 1024px) 100vw, 1024px\" \/><button\n\t\t\tclass=\"lightbox-trigger\"\n\t\t\ttype=\"button\"\n\t\t\taria-haspopup=\"dialog\"\n\t\t\taria-label=\"Pove\u010daj\"\n\t\t\tdata-wp-init=\"callbacks.initTriggerButton\"\n\t\t\tdata-wp-on--click=\"actions.showLightbox\"\n\t\t\tdata-wp-style--right=\"state.imageButtonRight\"\n\t\t\tdata-wp-style--top=\"state.imageButtonTop\"\n\t\t>\n\t\t\t<svg xmlns=\"http:\/\/www.w3.org\/2000\/svg\" width=\"12\" height=\"12\" fill=\"none\" viewBox=\"0 0 12 12\">\n\t\t\t\t<path fill=\"#fff\" d=\"M2 0a2 2 0 0 0-2 2v2h1.5V2a.5.5 0 0 1 .5-.5h2V0H2Zm2 10.5H2a.5.5 0 0 1-.5-.5V8H0v2a2 2 0 0 0 2 2h2v-1.5ZM8 12v-1.5h2a.5.5 0 0 0 .5-.5V8H12v2a2 2 0 0 1-2 2H8Zm2-12a2 2 0 0 1 2 2v2h-1.5V2a.5.5 0 0 0-.5-.5H8V0h2Z\" \/>\n\t\t\t<\/svg>\n\t\t<\/button><\/figure>\r\n\r\n\r\n\r\n<figure data-wp-context=\"{&quot;imageId&quot;:&quot;69e4a086b90cd&quot;}\" data-wp-interactive=\"core\/image\" data-wp-key=\"69e4a086b90cd\" class=\"wp-block-image size-large wp-lightbox-container\"><img loading=\"lazy\" decoding=\"async\" width=\"1024\" height=\"683\" data-wp-class--hide=\"state.isContentHidden\" data-wp-class--show=\"state.isContentVisible\" data-wp-init=\"callbacks.setButtonStyles\" data-wp-on--click=\"actions.showLightbox\" data-wp-on--load=\"callbacks.setButtonStyles\" data-wp-on-window--resize=\"callbacks.setButtonStyles\" data-id=\"554\" class=\"wp-image-554\" src=\"https:\/\/zupnija-svibno.si\/wp-content\/uploads\/2025\/03\/DSC02941-1-1024x683.jpg\" alt=\"\" srcset=\"https:\/\/zupnija-svibno.si\/wp-content\/uploads\/2025\/03\/DSC02941-1-1024x683.jpg 1024w, https:\/\/zupnija-svibno.si\/wp-content\/uploads\/2025\/03\/DSC02941-1-300x200.jpg 300w, https:\/\/zupnija-svibno.si\/wp-content\/uploads\/2025\/03\/DSC02941-1-768x512.jpg 768w, https:\/\/zupnija-svibno.si\/wp-content\/uploads\/2025\/03\/DSC02941-1-1536x1024.jpg 1536w, https:\/\/zupnija-svibno.si\/wp-content\/uploads\/2025\/03\/DSC02941-1-2048x1365.jpg 2048w\" sizes=\"auto, (max-width: 1024px) 100vw, 1024px\" \/><button\n\t\t\tclass=\"lightbox-trigger\"\n\t\t\ttype=\"button\"\n\t\t\taria-haspopup=\"dialog\"\n\t\t\taria-label=\"Pove\u010daj\"\n\t\t\tdata-wp-init=\"callbacks.initTriggerButton\"\n\t\t\tdata-wp-on--click=\"actions.showLightbox\"\n\t\t\tdata-wp-style--right=\"state.imageButtonRight\"\n\t\t\tdata-wp-style--top=\"state.imageButtonTop\"\n\t\t>\n\t\t\t<svg xmlns=\"http:\/\/www.w3.org\/2000\/svg\" width=\"12\" height=\"12\" fill=\"none\" viewBox=\"0 0 12 12\">\n\t\t\t\t<path fill=\"#fff\" d=\"M2 0a2 2 0 0 0-2 2v2h1.5V2a.5.5 0 0 1 .5-.5h2V0H2Zm2 10.5H2a.5.5 0 0 1-.5-.5V8H0v2a2 2 0 0 0 2 2h2v-1.5ZM8 12v-1.5h2a.5.5 0 0 0 .5-.5V8H12v2a2 2 0 0 1-2 2H8Zm2-12a2 2 0 0 1 2 2v2h-1.5V2a.5.5 0 0 0-.5-.5H8V0h2Z\" \/>\n\t\t\t<\/svg>\n\t\t<\/button><\/figure>\r\n\r\n\r\n\r\n<figure data-wp-context=\"{&quot;imageId&quot;:&quot;69e4a086b979a&quot;}\" data-wp-interactive=\"core\/image\" data-wp-key=\"69e4a086b979a\" class=\"wp-block-image size-large wp-lightbox-container\"><img loading=\"lazy\" decoding=\"async\" width=\"1024\" height=\"680\" data-wp-class--hide=\"state.isContentHidden\" data-wp-class--show=\"state.isContentVisible\" data-wp-init=\"callbacks.setButtonStyles\" data-wp-on--click=\"actions.showLightbox\" data-wp-on--load=\"callbacks.setButtonStyles\" data-wp-on-window--resize=\"callbacks.setButtonStyles\" data-id=\"556\" class=\"wp-image-556\" src=\"https:\/\/zupnija-svibno.si\/wp-content\/uploads\/2025\/03\/DSC02944-1024x680.jpg\" alt=\"\" srcset=\"https:\/\/zupnija-svibno.si\/wp-content\/uploads\/2025\/03\/DSC02944-1024x680.jpg 1024w, https:\/\/zupnija-svibno.si\/wp-content\/uploads\/2025\/03\/DSC02944-300x199.jpg 300w, https:\/\/zupnija-svibno.si\/wp-content\/uploads\/2025\/03\/DSC02944-768x510.jpg 768w, https:\/\/zupnija-svibno.si\/wp-content\/uploads\/2025\/03\/DSC02944-1536x1020.jpg 1536w, https:\/\/zupnija-svibno.si\/wp-content\/uploads\/2025\/03\/DSC02944-2048x1360.jpg 2048w\" sizes=\"auto, (max-width: 1024px) 100vw, 1024px\" \/><button\n\t\t\tclass=\"lightbox-trigger\"\n\t\t\ttype=\"button\"\n\t\t\taria-haspopup=\"dialog\"\n\t\t\taria-label=\"Pove\u010daj\"\n\t\t\tdata-wp-init=\"callbacks.initTriggerButton\"\n\t\t\tdata-wp-on--click=\"actions.showLightbox\"\n\t\t\tdata-wp-style--right=\"state.imageButtonRight\"\n\t\t\tdata-wp-style--top=\"state.imageButtonTop\"\n\t\t>\n\t\t\t<svg xmlns=\"http:\/\/www.w3.org\/2000\/svg\" width=\"12\" height=\"12\" fill=\"none\" viewBox=\"0 0 12 12\">\n\t\t\t\t<path fill=\"#fff\" d=\"M2 0a2 2 0 0 0-2 2v2h1.5V2a.5.5 0 0 1 .5-.5h2V0H2Zm2 10.5H2a.5.5 0 0 1-.5-.5V8H0v2a2 2 0 0 0 2 2h2v-1.5ZM8 12v-1.5h2a.5.5 0 0 0 .5-.5V8H12v2a2 2 0 0 1-2 2H8Zm2-12a2 2 0 0 1 2 2v2h-1.5V2a.5.5 0 0 0-.5-.5H8V0h2Z\" \/>\n\t\t\t<\/svg>\n\t\t<\/button><\/figure>\r\n<p>&nbsp;<\/p>\r\n<p>&nbsp;<\/p>\r\n<p>&nbsp;<\/p>\r\n<\/figure>\r\n","protected":false},"excerpt":{"rendered":"<p>Oratorij 2024 Na oratoriju od 8. do 14. julija 2024 v Svibnem se je zbralo sedemintrideset otrok od tretjega do petnajstega leta starosti iz \u0161tirih \u017eupnij in petnajst animatorjev. Njihov vodja je bil prvi\u010d \u0161tudent Metod Kav\u0161ek. Vodilno temo o preroku Danijelu so vsak dan uprizorili v \u017eupnijski cerkvi. Razli\u010dni prizori so ob\u010dutno nagovorili otroke. [&hellip;]<\/p>\n","protected":false},"author":1,"featured_media":1105,"parent":153,"menu_order":0,"comment_status":"closed","ping_status":"closed","template":"","meta":{"footnotes":""},"class_list":["post-159","page","type-page","status-publish","has-post-thumbnail","hentry"],"jetpack_sharing_enabled":true,"jetpack-related-posts":[],"_links":{"self":[{"href":"https:\/\/zupnija-svibno.si\/index.php\/wp-json\/wp\/v2\/pages\/159","targetHints":{"allow":["GET"]}}],"collection":[{"href":"https:\/\/zupnija-svibno.si\/index.php\/wp-json\/wp\/v2\/pages"}],"about":[{"href":"https:\/\/zupnija-svibno.si\/index.php\/wp-json\/wp\/v2\/types\/page"}],"author":[{"embeddable":true,"href":"https:\/\/zupnija-svibno.si\/index.php\/wp-json\/wp\/v2\/users\/1"}],"replies":[{"embeddable":true,"href":"https:\/\/zupnija-svibno.si\/index.php\/wp-json\/wp\/v2\/comments?post=159"}],"version-history":[{"count":12,"href":"https:\/\/zupnija-svibno.si\/index.php\/wp-json\/wp\/v2\/pages\/159\/revisions"}],"predecessor-version":[{"id":1118,"href":"https:\/\/zupnija-svibno.si\/index.php\/wp-json\/wp\/v2\/pages\/159\/revisions\/1118"}],"up":[{"embeddable":true,"href":"https:\/\/zupnija-svibno.si\/index.php\/wp-json\/wp\/v2\/pages\/153"}],"wp:featuredmedia":[{"embeddable":true,"href":"https:\/\/zupnija-svibno.si\/index.php\/wp-json\/wp\/v2\/media\/1105"}],"wp:attachment":[{"href":"https:\/\/zupnija-svibno.si\/index.php\/wp-json\/wp\/v2\/media?parent=159"}],"curies":[{"name":"wp","href":"https:\/\/api.w.org\/{rel}","templated":true}]}}