{"id":156,"date":"2025-01-30T11:40:31","date_gmt":"2025-01-30T10:40:31","guid":{"rendered":"https:\/\/zupnija-svibno.si\/?page_id=156"},"modified":"2026-01-31T20:12:32","modified_gmt":"2026-01-31T19:12:32","slug":"pevski-zbor","status":"publish","type":"page","link":"https:\/\/zupnija-svibno.si\/index.php\/skupine\/pevski-zbor\/","title":{"rendered":"Pevski zbor"},"content":{"rendered":"<p><span style=\"font-family: book antiqua, palatino; font-size: 17px;\">Cerkveno petje je staro toliko kot Cerkev. Pevci so sestavni del predvsem bogoslu\u017enega zbora. Na\u0161i pevci redno pojejo pri ma\u0161ah, ob\u010dasno priredijo kak\u0161en koncert, npr. bo\u017ei\u010dni ali ob blagoslovu poprtnika ter sodelujejo pri krajevni prireditvi Nedelja pod lipo. Me\u0161ani \u017eupnijski zbor deluje \u017ee ve\u010d kot 100 let. Danes ga vodi Ana Novak (2015 \u2013). V njem sodeluje pribli\u017eno 14 \u010dlanov. Zbor poje ob spremljavi orgel, ve\u010dkrat pa se jim pridru\u017eijo tudi kitara, kahon, trobenta ali klarinet. Drugi zbor je mladinski zbor Svibno z imenom Pieta. S svojim petjem in igranjem ob\u010dasno bogatijo ma\u0161e, ve\u010dkrat pa se pridru\u017eijo me\u0161anemu zboru in predvsem ob ve\u010djih slovesnostih zapojejo skupaj.<\/span><\/p>\n<p>Organistka, zborovodkinja: Ana Novak<\/p>\n\n\n<figure data-wp-context=\"{&quot;imageId&quot;:&quot;69dd647bc3e26&quot;}\" data-wp-interactive=\"core\/image\" data-wp-key=\"69dd647bc3e26\" class=\"wp-block-image size-large wp-lightbox-container\"><img loading=\"lazy\" decoding=\"async\" width=\"1024\" height=\"683\" data-wp-class--hide=\"state.isContentHidden\" data-wp-class--show=\"state.isContentVisible\" data-wp-init=\"callbacks.setButtonStyles\" data-wp-on--click=\"actions.showLightbox\" data-wp-on--load=\"callbacks.setButtonStyles\" data-wp-on-window--resize=\"callbacks.setButtonStyles\" src=\"https:\/\/zupnija-svibno.si\/wp-content\/uploads\/2025\/04\/IMG_3567-1024x683.jpg\" alt=\"\" class=\"wp-image-634\" srcset=\"https:\/\/zupnija-svibno.si\/wp-content\/uploads\/2025\/04\/IMG_3567-1024x683.jpg 1024w, https:\/\/zupnija-svibno.si\/wp-content\/uploads\/2025\/04\/IMG_3567-300x200.jpg 300w, https:\/\/zupnija-svibno.si\/wp-content\/uploads\/2025\/04\/IMG_3567-768x512.jpg 768w, https:\/\/zupnija-svibno.si\/wp-content\/uploads\/2025\/04\/IMG_3567-1536x1024.jpg 1536w, https:\/\/zupnija-svibno.si\/wp-content\/uploads\/2025\/04\/IMG_3567-2048x1365.jpg 2048w\" sizes=\"auto, (max-width: 1024px) 100vw, 1024px\" \/><button\n\t\t\tclass=\"lightbox-trigger\"\n\t\t\ttype=\"button\"\n\t\t\taria-haspopup=\"dialog\"\n\t\t\taria-label=\"Pove\u010daj\"\n\t\t\tdata-wp-init=\"callbacks.initTriggerButton\"\n\t\t\tdata-wp-on--click=\"actions.showLightbox\"\n\t\t\tdata-wp-style--right=\"state.imageButtonRight\"\n\t\t\tdata-wp-style--top=\"state.imageButtonTop\"\n\t\t>\n\t\t\t<svg xmlns=\"http:\/\/www.w3.org\/2000\/svg\" width=\"12\" height=\"12\" fill=\"none\" viewBox=\"0 0 12 12\">\n\t\t\t\t<path fill=\"#fff\" d=\"M2 0a2 2 0 0 0-2 2v2h1.5V2a.5.5 0 0 1 .5-.5h2V0H2Zm2 10.5H2a.5.5 0 0 1-.5-.5V8H0v2a2 2 0 0 0 2 2h2v-1.5ZM8 12v-1.5h2a.5.5 0 0 0 .5-.5V8H12v2a2 2 0 0 1-2 2H8Zm2-12a2 2 0 0 1 2 2v2h-1.5V2a.5.5 0 0 0-.5-.5H8V0h2Z\" \/>\n\t\t\t<\/svg>\n\t\t<\/button><\/figure>\n\n\n\n<figure data-wp-context=\"{&quot;imageId&quot;:&quot;69dd647bc448d&quot;}\" data-wp-interactive=\"core\/image\" data-wp-key=\"69dd647bc448d\" class=\"wp-block-image size-large wp-lightbox-container\"><img loading=\"lazy\" decoding=\"async\" width=\"1024\" height=\"683\" data-wp-class--hide=\"state.isContentHidden\" data-wp-class--show=\"state.isContentVisible\" data-wp-init=\"callbacks.setButtonStyles\" data-wp-on--click=\"actions.showLightbox\" data-wp-on--load=\"callbacks.setButtonStyles\" data-wp-on-window--resize=\"callbacks.setButtonStyles\" src=\"https:\/\/zupnija-svibno.si\/wp-content\/uploads\/2025\/04\/IMG_3703-1024x683.jpg\" alt=\"\" class=\"wp-image-632\" srcset=\"https:\/\/zupnija-svibno.si\/wp-content\/uploads\/2025\/04\/IMG_3703-1024x683.jpg 1024w, https:\/\/zupnija-svibno.si\/wp-content\/uploads\/2025\/04\/IMG_3703-300x200.jpg 300w, https:\/\/zupnija-svibno.si\/wp-content\/uploads\/2025\/04\/IMG_3703-768x512.jpg 768w, https:\/\/zupnija-svibno.si\/wp-content\/uploads\/2025\/04\/IMG_3703-1536x1024.jpg 1536w, https:\/\/zupnija-svibno.si\/wp-content\/uploads\/2025\/04\/IMG_3703-2048x1365.jpg 2048w\" sizes=\"auto, (max-width: 1024px) 100vw, 1024px\" \/><button\n\t\t\tclass=\"lightbox-trigger\"\n\t\t\ttype=\"button\"\n\t\t\taria-haspopup=\"dialog\"\n\t\t\taria-label=\"Pove\u010daj\"\n\t\t\tdata-wp-init=\"callbacks.initTriggerButton\"\n\t\t\tdata-wp-on--click=\"actions.showLightbox\"\n\t\t\tdata-wp-style--right=\"state.imageButtonRight\"\n\t\t\tdata-wp-style--top=\"state.imageButtonTop\"\n\t\t>\n\t\t\t<svg xmlns=\"http:\/\/www.w3.org\/2000\/svg\" width=\"12\" height=\"12\" fill=\"none\" viewBox=\"0 0 12 12\">\n\t\t\t\t<path fill=\"#fff\" d=\"M2 0a2 2 0 0 0-2 2v2h1.5V2a.5.5 0 0 1 .5-.5h2V0H2Zm2 10.5H2a.5.5 0 0 1-.5-.5V8H0v2a2 2 0 0 0 2 2h2v-1.5ZM8 12v-1.5h2a.5.5 0 0 0 .5-.5V8H12v2a2 2 0 0 1-2 2H8Zm2-12a2 2 0 0 1 2 2v2h-1.5V2a.5.5 0 0 0-.5-.5H8V0h2Z\" \/>\n\t\t\t<\/svg>\n\t\t<\/button><\/figure>\n","protected":false},"excerpt":{"rendered":"<p>Cerkveno petje je staro toliko kot Cerkev. Pevci so sestavni del predvsem bogoslu\u017enega zbora. Na\u0161i pevci redno pojejo pri ma\u0161ah, ob\u010dasno priredijo kak\u0161en koncert, npr. bo\u017ei\u010dni ali ob blagoslovu poprtnika ter sodelujejo pri krajevni prireditvi Nedelja pod lipo. Me\u0161ani \u017eupnijski zbor deluje \u017ee ve\u010d kot 100 let. Danes ga vodi Ana Novak (2015 \u2013). V [&hellip;]<\/p>\n","protected":false},"author":1,"featured_media":0,"parent":153,"menu_order":0,"comment_status":"closed","ping_status":"closed","template":"","meta":{"footnotes":""},"class_list":["post-156","page","type-page","status-publish","hentry"],"jetpack_sharing_enabled":true,"jetpack-related-posts":[],"_links":{"self":[{"href":"https:\/\/zupnija-svibno.si\/index.php\/wp-json\/wp\/v2\/pages\/156","targetHints":{"allow":["GET"]}}],"collection":[{"href":"https:\/\/zupnija-svibno.si\/index.php\/wp-json\/wp\/v2\/pages"}],"about":[{"href":"https:\/\/zupnija-svibno.si\/index.php\/wp-json\/wp\/v2\/types\/page"}],"author":[{"embeddable":true,"href":"https:\/\/zupnija-svibno.si\/index.php\/wp-json\/wp\/v2\/users\/1"}],"replies":[{"embeddable":true,"href":"https:\/\/zupnija-svibno.si\/index.php\/wp-json\/wp\/v2\/comments?post=156"}],"version-history":[{"count":5,"href":"https:\/\/zupnija-svibno.si\/index.php\/wp-json\/wp\/v2\/pages\/156\/revisions"}],"predecessor-version":[{"id":1453,"href":"https:\/\/zupnija-svibno.si\/index.php\/wp-json\/wp\/v2\/pages\/156\/revisions\/1453"}],"up":[{"embeddable":true,"href":"https:\/\/zupnija-svibno.si\/index.php\/wp-json\/wp\/v2\/pages\/153"}],"wp:attachment":[{"href":"https:\/\/zupnija-svibno.si\/index.php\/wp-json\/wp\/v2\/media?parent=156"}],"curies":[{"name":"wp","href":"https:\/\/api.w.org\/{rel}","templated":true}]}}